{"id":16,"date":"2023-09-26T08:32:23","date_gmt":"2023-09-26T08:32:23","guid":{"rendered":"https:\/\/koekerpsychotherapie.de\/tr\/?page_id=16"},"modified":"2025-11-12T08:00:07","modified_gmt":"2025-11-12T08:00:07","slug":"iletisim","status":"publish","type":"page","link":"https:\/\/koekerpsychotherapie.de\/tr\/iletisim\/","title":{"rendered":"\u0130leti\u015fim"},"content":{"rendered":"<div  class='flex_column av-xq7k-08934edde094e71b1af90dd3c0a8707a av_one_full  avia-builder-el-0  el_before_av_section  avia-builder-el-no-sibling  first flex_column_div  '     ><style type=\"text\/css\" data-created_by=\"avia_inline_auto\" id=\"style-css-av-ln1gb5o2-96b78b0ab64e05d24c4a87dffc899352\">\n\n@media only screen and (min-width: 990px){ \n#top .avia-slideshow .av-slideshow-caption.av-ln1gb5o2-96b78b0ab64e05d24c4a87dffc899352__0 .avia-caption-content{\nfont-size:19px;\n}\n#top .avia-slideshow .av-slideshow-caption.av-ln1gb5o2-96b78b0ab64e05d24c4a87dffc899352__0 .avia-caption-content p{\nfont-size:19px;\n}\n}\n<\/style>\n<div  class='avia-slideshow av-ln1gb5o2-96b78b0ab64e05d24c4a87dffc899352 avia-slideshow-no scaling av_slideshow avia-slide-slider  avia-builder-el-1  avia-builder-el-no-sibling  av-slideshow-ui av-control-default av-slideshow-manual av-loop-once av-loop-manual-endless av-default-height-applied avia-slideshow-1' data-slideshow-options=\"{&quot;animation&quot;:&quot;slide&quot;,&quot;autoplay&quot;:false,&quot;loop_autoplay&quot;:&quot;once&quot;,&quot;interval&quot;:5,&quot;loop_manual&quot;:&quot;manual-endless&quot;,&quot;autoplay_stopper&quot;:false,&quot;noNavigation&quot;:false,&quot;bg_slider&quot;:false,&quot;keep_padding&quot;:false,&quot;hoverpause&quot;:false,&quot;show_slide_delay&quot;:0}\"  itemprop=\"image\" itemscope=\"itemscope\" itemtype=\"https:\/\/schema.org\/ImageObject\" ><ul class='avia-slideshow-inner ' style='padding-bottom: 29.850746268657%;'><li  class='avia-slideshow-slide av-ln1gb5o2-96b78b0ab64e05d24c4a87dffc899352__0  av-single-slide slide-1 slide-odd'><div data-rel='slideshow-1' class='avia-slide-wrap '   ><div class='av-slideshow-caption av-ln1gb5o2-96b78b0ab64e05d24c4a87dffc899352__0 avia-caption'><div class=\"avia-inner-caption\"><div class='avia-caption-content '  itemprop=\"description\" ><p>\u0130leti\u015fim<\/p>\n<\/div><\/div><\/div><img decoding=\"async\" class=\"wp-image-48 avia-img-lazy-loading-not-48\"  src=\"https:\/\/koekerpsychotherapie.de\/tr\/wp-content\/uploads\/2023\/09\/Kontakt.jpg\" width=\"1340\" height=\"400\" title='Kontakt' alt=''  itemprop=\"thumbnailUrl\" srcset=\"https:\/\/koekerpsychotherapie.de\/tr\/wp-content\/uploads\/2023\/09\/Kontakt.jpg 1340w, https:\/\/koekerpsychotherapie.de\/tr\/wp-content\/uploads\/2023\/09\/Kontakt-300x90.jpg 300w, https:\/\/koekerpsychotherapie.de\/tr\/wp-content\/uploads\/2023\/09\/Kontakt-1030x307.jpg 1030w, https:\/\/koekerpsychotherapie.de\/tr\/wp-content\/uploads\/2023\/09\/Kontakt-768x229.jpg 768w, https:\/\/koekerpsychotherapie.de\/tr\/wp-content\/uploads\/2023\/09\/Kontakt-705x210.jpg 705w\" sizes=\"(max-width: 1340px) 100vw, 1340px\" \/><\/div><\/li><\/ul><\/div><\/div>\n<\/div><\/div><\/div><!-- close content main div --><\/div><\/div><div id='av_section_1'  class='avia-section av-lrjb5z9c-ba13a6f21fd7140af482f2cefb53a915 main_color avia-section-default avia-no-border-styling  avia-builder-el-2  el_after_av_one_full  el_before_av_section  av-medium-hide av-small-hide av-mini-hide avia-bg-style-scroll container_wrap sidebar_right'  ><div class='container av-section-cont-open' ><div class='template-page content  av-content-small alpha units'><div class='post-entry post-entry-type-page post-entry-16'><div class='entry-content-wrapper clearfix'>\n<div  class='flex_column av-428d4-e53a3eb627db2535e784e98d8909c427 av_one_half  avia-builder-el-3  el_before_av_one_half  avia-builder-el-first  first flex_column_div  '     ><p>\n<style type=\"text\/css\" data-created_by=\"avia_inline_auto\" id=\"style-css-av-lr08ve5v-8f88f5691b36290f87e622ff934cb8f8\">\n#top .hr.hr-invisible.av-lr08ve5v-8f88f5691b36290f87e622ff934cb8f8{\nheight:50px;\n}\n<\/style>\n<div  class='hr av-lr08ve5v-8f88f5691b36290f87e622ff934cb8f8 hr-invisible  avia-builder-el-4  el_before_av_iconlist  avia-builder-el-first '><span class='hr-inner '><span class=\"hr-inner-style\"><\/span><\/span><\/div><br \/>\n\n<style type=\"text\/css\" data-created_by=\"avia_inline_auto\" id=\"style-css-av-3omh0-9c242c9f95fdf900f7a48807adc697fb\">\n@keyframes av_sonarEffect_av-3omh0-9c242c9f95fdf900f7a48807adc697fb {\n  0% {opacity: 0.3;}\n 40% {opacity: 0.5; box-shadow: 0 0 0 2px rgba(255,255,255,0.1), 0 0 10px 10px #c1a27a, 0 0 0 10px rgba(255,255,255,0.5);}\n100% {opacity: 0; box-shadow: 0 0 0 2px rgba(255,255,255,0.1), 0 0 10px 10px #c1a27a, 0 0 0 10px rgba(255,255,255,0.5); transform: scale(1.1);}\n}\n#top .avia-icon-list-container.av-3omh0-9c242c9f95fdf900f7a48807adc697fb .iconlist_icon{\nbackground-color:#c1a27a;\n}\n#top .avia-icon-list-container.av-3omh0-9c242c9f95fdf900f7a48807adc697fb .iconlist_icon:after{\nanimation:av_sonarEffect_av-3omh0-9c242c9f95fdf900f7a48807adc697fb 2s ease-in-out .1s infinite;\n}\n<\/style>\n<div  class='avia-icon-list-container av-3omh0-9c242c9f95fdf900f7a48807adc697fb  avia-builder-el-5  el_after_av_hr  avia-builder-el-last '><ul class='avia-icon-list avia_animate_when_almost_visible avia-icon-list-left av-iconlist-big av-3omh0-9c242c9f95fdf900f7a48807adc697fb avia-iconlist-animate avia-sonar-shadow'>\n<li><div class='iconlist_icon av-3grg4-32c477a11bb630038bea2722e26d6e38 avia-font-entypo-fontello'><span class='iconlist-char' aria-hidden='true' data-av_icon='\ue854' data-av_iconfont='entypo-fontello'><\/span><\/div><article class=\"article-icon-entry \"  itemscope=\"itemscope\" itemtype=\"https:\/\/schema.org\/CreativeWork\" ><div class=\"iconlist_content_wrap\"><header class=\"entry-content-header\"><h4 class='av_iconlist_title iconlist_title  '  itemprop=\"headline\" >Telefon<\/h4><\/header><div class='iconlist_content '  itemprop=\"text\" ><article class=\"article-icon-entry \">\n<div class=\"iconlist_content_wrap\">\n<div class=\"iconlist_content av_inherit_color\">\n<p>+49 176 70028679<\/p>\n<\/div>\n<\/div>\n<footer class=\"entry-footer\"><\/footer>\n<\/article>\n<\/div><\/div><footer class=\"entry-footer\"><\/footer><\/article><div class=\"iconlist-timeline\"><\/div><\/li>\n<li><div class='iconlist_icon av-2ta5k-216c81c9fc83edd233cf94f9556fbfee avia-font-entypo-fontello'><span class='iconlist-char' aria-hidden='true' data-av_icon='\ue8ab' data-av_iconfont='entypo-fontello'><\/span><\/div><article class=\"article-icon-entry \"  itemscope=\"itemscope\" itemtype=\"https:\/\/schema.org\/CreativeWork\" ><div class=\"iconlist_content_wrap\"><header class=\"entry-content-header\"><h4 class='av_iconlist_title iconlist_title  '  itemprop=\"headline\" >Web<\/h4><\/header><div class='iconlist_content '  itemprop=\"text\" ><article class=\"article-icon-entry \">\n<div class=\"iconlist_content_wrap\">\n<div class=\"iconlist_content av_inherit_color\">\n<p>koekerpsychotherapie.de<\/p>\n<\/div>\n<\/div>\n<footer class=\"entry-footer\"><\/footer>\n<\/article>\n<\/div><\/div><footer class=\"entry-footer\"><\/footer><\/article><div class=\"iconlist-timeline\"><\/div><\/li>\n<li><div class='iconlist_icon av-2379k-d06112ebb19b9cc7cda4259efd9f883c avia-font-entypo-fontello'><span class='iconlist-char' aria-hidden='true' data-av_icon='\ue805' data-av_iconfont='entypo-fontello'><\/span><\/div><article class=\"article-icon-entry \"  itemscope=\"itemscope\" itemtype=\"https:\/\/schema.org\/CreativeWork\" ><div class=\"iconlist_content_wrap\"><header class=\"entry-content-header\"><h4 class='av_iconlist_title iconlist_title  '  itemprop=\"headline\" >E-Posta<\/h4><\/header><div class='iconlist_content '  itemprop=\"text\" ><article class=\"article-icon-entry \">\n<div class=\"iconlist_content_wrap\">\n<div class=\"iconlist_content av_inherit_color\">\n<p>info@koekerpsychotherapie.de<\/p>\n<\/div>\n<\/div>\n<footer class=\"entry-footer\"><\/footer>\n<\/article>\n<\/div><\/div><footer class=\"entry-footer\"><\/footer><\/article><div class=\"iconlist-timeline\"><\/div><\/li>\n<li><div class='iconlist_icon av-1flyk-337c701810cd0c787fa2f487eb39c126 avia-font-entypo-fontello'><span class='iconlist-char' aria-hidden='true' data-av_icon='\ue842' data-av_iconfont='entypo-fontello'><\/span><\/div><article class=\"article-icon-entry \"  itemscope=\"itemscope\" itemtype=\"https:\/\/schema.org\/CreativeWork\" ><div class=\"iconlist_content_wrap\"><header class=\"entry-content-header\"><h4 class='av_iconlist_title iconlist_title  '  itemprop=\"headline\" >Adres<\/h4><\/header><div class='iconlist_content '  itemprop=\"text\" ><article class=\"article-icon-entry \">\n<div class=\"iconlist_content_wrap\">\n<div class=\"iconlist_content av_inherit_color\">\n<article class=\"article-icon-entry \">\n<div class=\"iconlist_content_wrap\">\n<div class=\"iconlist_content av_inherit_color\">\n<p>Andreaestra\u00dfe 2, 30159 Hannover<\/p>\n<\/div>\n<\/div>\n<footer class=\"entry-footer\"><\/footer>\n<\/article>\n<\/div>\n<\/div>\n<footer class=\"entry-footer\"><\/footer>\n<\/article>\n<\/div><\/div><footer class=\"entry-footer\"><\/footer><\/article><div class=\"iconlist-timeline\"><\/div><\/li>\n<li><div class='iconlist_icon av-15y4c-c166dd22b3f0384988cf5cd30b221f5e avia-font-entypo-fontello'><span class='iconlist-char' aria-hidden='true' data-av_icon='\ue805' data-av_iconfont='entypo-fontello'><\/span><\/div><article class=\"article-icon-entry \"  itemscope=\"itemscope\" itemtype=\"https:\/\/schema.org\/CreativeWork\" ><div class=\"iconlist_content_wrap\"><header class=\"entry-content-header\"><h4 class='av_iconlist_title iconlist_title  '  itemprop=\"headline\" >\u0130NSTAGRAM<\/h4><\/header><div class='iconlist_content '  itemprop=\"text\" ><p>koekerpsycho<\/p>\n<\/div><\/div><footer class=\"entry-footer\"><\/footer><\/article><div class=\"iconlist-timeline\"><\/div><\/li>\n<\/ul><\/div><\/p><\/div><div  class='flex_column av-uztw-5a5c9e5e46a57e5aa2e487cb70a90d19 av_one_half  avia-builder-el-6  el_after_av_one_half  el_before_av_two_fifth  flex_column_div  '     ><style type=\"text\/css\" data-created_by=\"avia_inline_auto\" id=\"style-css-av-lr08u8dn-a6671afa25eecf67b430110a1f22980d\">\n.avia-image-container.av-lr08u8dn-a6671afa25eecf67b430110a1f22980d img.avia_image{\nbox-shadow:none;\n}\n.avia-image-container.av-lr08u8dn-a6671afa25eecf67b430110a1f22980d .av-image-caption-overlay-center{\ncolor:#ffffff;\n}\n<\/style>\n<div  class='avia-image-container av-lr08u8dn-a6671afa25eecf67b430110a1f22980d av-styling- avia-align-center  avia-builder-el-7  avia-builder-el-no-sibling '   itemprop=\"image\" itemscope=\"itemscope\" itemtype=\"https:\/\/schema.org\/ImageObject\" ><div class=\"avia-image-container-inner\"><div class=\"avia-image-overlay-wrap\"><img decoding=\"async\" class='wp-image-216 avia-img-lazy-loading-not-216 avia_image ' src=\"https:\/\/koekerpsychotherapie.de\/tr\/wp-content\/uploads\/2024\/01\/tugce-koker-8.jpg\" alt='' title='tugce-koker-8'  height=\"665\" width=\"442\"  itemprop=\"thumbnailUrl\" srcset=\"https:\/\/koekerpsychotherapie.de\/tr\/wp-content\/uploads\/2024\/01\/tugce-koker-8.jpg 442w, https:\/\/koekerpsychotherapie.de\/tr\/wp-content\/uploads\/2024\/01\/tugce-koker-8-199x300.jpg 199w, https:\/\/koekerpsychotherapie.de\/tr\/wp-content\/uploads\/2024\/01\/tugce-koker-8-8x12.jpg 8w\" sizes=\"(max-width: 442px) 100vw, 442px\" \/><\/div><\/div><\/div><\/div><div  class='flex_column av-1h77o-55a7d32f6bfda69cd1619814b0b35499 av_two_fifth  avia-builder-el-8  el_after_av_one_half  el_before_av_three_fifth  first flex_column_div  column-top-margin'     ><style type=\"text\/css\" data-created_by=\"avia_inline_auto\" id=\"style-css-av-lrixxwfm-d7429b2f10f06c3bf9f09c2f4869ab23\">\n.avia-image-container.av-lrixxwfm-d7429b2f10f06c3bf9f09c2f4869ab23 img.avia_image{\nbox-shadow:none;\n}\n.avia-image-container.av-lrixxwfm-d7429b2f10f06c3bf9f09c2f4869ab23 .av-image-caption-overlay-center{\ncolor:#ffffff;\n}\n<\/style>\n<div  class='avia-image-container av-lrixxwfm-d7429b2f10f06c3bf9f09c2f4869ab23 av-styling- avia-align-center  avia-builder-el-9  avia-builder-el-no-sibling '   itemprop=\"image\" itemscope=\"itemscope\" itemtype=\"https:\/\/schema.org\/ImageObject\" ><div class=\"avia-image-container-inner\"><div class=\"avia-image-overlay-wrap\"><img decoding=\"async\" class='wp-image-291 avia-img-lazy-loading-not-291 avia_image ' src=\"https:\/\/koekerpsychotherapie.de\/tr\/wp-content\/uploads\/2024\/01\/hannover.jpeg\" alt='' title='hannover'  height=\"1365\" width=\"1024\"  itemprop=\"thumbnailUrl\" srcset=\"https:\/\/koekerpsychotherapie.de\/tr\/wp-content\/uploads\/2024\/01\/hannover.jpeg 1024w, https:\/\/koekerpsychotherapie.de\/tr\/wp-content\/uploads\/2024\/01\/hannover-225x300.jpeg 225w, https:\/\/koekerpsychotherapie.de\/tr\/wp-content\/uploads\/2024\/01\/hannover-773x1030.jpeg 773w, https:\/\/koekerpsychotherapie.de\/tr\/wp-content\/uploads\/2024\/01\/hannover-768x1024.jpeg 768w, https:\/\/koekerpsychotherapie.de\/tr\/wp-content\/uploads\/2024\/01\/hannover-529x705.jpeg 529w\" sizes=\"(max-width: 1024px) 100vw, 1024px\" \/><\/div><\/div><\/div><\/div><div  class='flex_column av-nneg-1b97305358e017b40daa7f3ac0dee484 av_three_fifth  avia-builder-el-10  el_after_av_two_fifth  avia-builder-el-last  flex_column_div  column-top-margin'     ><\/div><\/div><\/div><\/div><!-- close content main div --><\/div><\/div><div id='av_section_2'  class='avia-section av-lrjb5rqp-9858ec9116ab58ee4201749db0370db6 main_color avia-section-default avia-no-border-styling  avia-builder-el-12  el_after_av_section  avia-builder-el-last  av-desktop-hide avia-bg-style-scroll container_wrap sidebar_right'  ><div class='container av-section-cont-open' ><div class='template-page content  av-content-small alpha units'><div class='post-entry post-entry-type-page post-entry-16'><div class='entry-content-wrapper clearfix'>\n<div  class='flex_column av-cgvi4-53fd7b43e9c5e99d53d81b21b1fe6bef av_one_half  avia-builder-el-13  el_before_av_one_half  avia-builder-el-first  first flex_column_div  '     ><style type=\"text\/css\" data-created_by=\"avia_inline_auto\" id=\"style-css-av-lrjbdy8d-cdcddf35b0d673af44252a82336cb290\">\n@keyframes av_sonarEffect_av-lrjbdy8d-cdcddf35b0d673af44252a82336cb290 {\n  0% {opacity: 0.3;}\n 40% {opacity: 0.5; box-shadow: 0 0 0 2px rgba(255,255,255,0.1), 0 0 10px 10px #c1a27a, 0 0 0 10px rgba(255,255,255,0.5);}\n100% {opacity: 0; box-shadow: 0 0 0 2px rgba(255,255,255,0.1), 0 0 10px 10px #c1a27a, 0 0 0 10px rgba(255,255,255,0.5); transform: scale(1.1);}\n}\n#top .avia-icon-list-container.av-lrjbdy8d-cdcddf35b0d673af44252a82336cb290 .iconlist_icon{\nbackground-color:#c1a27a;\n}\n#top .avia-icon-list-container.av-lrjbdy8d-cdcddf35b0d673af44252a82336cb290 .iconlist_icon:after{\nanimation:av_sonarEffect_av-lrjbdy8d-cdcddf35b0d673af44252a82336cb290 2s ease-in-out .1s infinite;\n}\n<\/style>\n<div  class='avia-icon-list-container av-lrjbdy8d-cdcddf35b0d673af44252a82336cb290  avia-builder-el-14  avia-builder-el-no-sibling '><ul class='avia-icon-list avia_animate_when_almost_visible avia-icon-list-left av-iconlist-big av-lrjbdy8d-cdcddf35b0d673af44252a82336cb290 avia-iconlist-animate avia-sonar-shadow'>\n<li><div class='iconlist_icon av-lrjbbi8z-8aa12a7a6d14ecec68199e4b6e7c3447 avia-font-entypo-fontello'><span class='iconlist-char' aria-hidden='true' data-av_icon='\ue854' data-av_iconfont='entypo-fontello'><\/span><\/div><article class=\"article-icon-entry \"  itemscope=\"itemscope\" itemtype=\"https:\/\/schema.org\/CreativeWork\" ><div class=\"iconlist_content_wrap\"><header class=\"entry-content-header\"><h4 class='av_iconlist_title iconlist_title  '  itemprop=\"headline\" >Telefon<\/h4><\/header><div class='iconlist_content '  itemprop=\"text\" ><article class=\"article-icon-entry \">\n<div class=\"iconlist_content_wrap\">\n<div class=\"iconlist_content av_inherit_color\">\n<p>+49 176 70028679<\/p>\n<\/div>\n<\/div>\n<footer class=\"entry-footer\"><\/footer>\n<\/article>\n<\/div><\/div><footer class=\"entry-footer\"><\/footer><\/article><div class=\"iconlist-timeline\"><\/div><\/li>\n<li><div class='iconlist_icon av-lrjbbw2i-5187754b61818176e37ba7c7698ccf41 avia-font-entypo-fontello'><span class='iconlist-char' aria-hidden='true' data-av_icon='\ue8ab' data-av_iconfont='entypo-fontello'><\/span><\/div><article class=\"article-icon-entry \"  itemscope=\"itemscope\" itemtype=\"https:\/\/schema.org\/CreativeWork\" ><div class=\"iconlist_content_wrap\"><header class=\"entry-content-header\"><h4 class='av_iconlist_title iconlist_title  '  itemprop=\"headline\" >Web<\/h4><\/header><div class='iconlist_content '  itemprop=\"text\" ><article class=\"article-icon-entry \">\n<div class=\"iconlist_content_wrap\">\n<div class=\"iconlist_content av_inherit_color\">\n<p>koekerpsychotherapie.de<\/p>\n<\/div>\n<\/div>\n<footer class=\"entry-footer\"><\/footer>\n<\/article>\n<\/div><\/div><footer class=\"entry-footer\"><\/footer><\/article><div class=\"iconlist-timeline\"><\/div><\/li>\n<li><div class='iconlist_icon av-lrjbc5mr-f393297988d0a0c5cff9f16c9ba83bf4 avia-font-entypo-fontello'><span class='iconlist-char' aria-hidden='true' data-av_icon='\ue805' data-av_iconfont='entypo-fontello'><\/span><\/div><article class=\"article-icon-entry \"  itemscope=\"itemscope\" itemtype=\"https:\/\/schema.org\/CreativeWork\" ><div class=\"iconlist_content_wrap\"><header class=\"entry-content-header\"><h4 class='av_iconlist_title iconlist_title  '  itemprop=\"headline\" >E-Posta<\/h4><\/header><div class='iconlist_content '  itemprop=\"text\" ><article class=\"article-icon-entry \">\n<div class=\"iconlist_content_wrap\">\n<div class=\"iconlist_content av_inherit_color\">\n<p>info@koekerpsychotherapie.de<\/p>\n<\/div>\n<\/div>\n<footer class=\"entry-footer\"><\/footer>\n<\/article>\n<\/div><\/div><footer class=\"entry-footer\"><\/footer><\/article><div class=\"iconlist-timeline\"><\/div><\/li>\n<li><div class='iconlist_icon av-lrjbc5mr-2-264a56be40b72946911bd55a8def432a avia-font-entypo-fontello'><span class='iconlist-char' aria-hidden='true' data-av_icon='\ue842' data-av_iconfont='entypo-fontello'><\/span><\/div><article class=\"article-icon-entry \"  itemscope=\"itemscope\" itemtype=\"https:\/\/schema.org\/CreativeWork\" ><div class=\"iconlist_content_wrap\"><header class=\"entry-content-header\"><h4 class='av_iconlist_title iconlist_title  '  itemprop=\"headline\" >Adres<\/h4><\/header><div class='iconlist_content '  itemprop=\"text\" ><article class=\"article-icon-entry \">\n<div class=\"iconlist_content_wrap\">\n<div class=\"iconlist_content av_inherit_color\">\n<article class=\"article-icon-entry \">\n<div class=\"iconlist_content_wrap\">\n<div class=\"iconlist_content av_inherit_color\">\n<p>Andreaestra\u00dfe 2, 30159 Hannover<\/p>\n<\/div>\n<\/div>\n<footer class=\"entry-footer\"><\/footer>\n<\/article>\n<\/div>\n<\/div>\n<footer class=\"entry-footer\"><\/footer>\n<\/article>\n<\/div><\/div><footer class=\"entry-footer\"><\/footer><\/article><div class=\"iconlist-timeline\"><\/div><\/li>\n<li><div class='iconlist_icon av-lrjbc5mr-1-69634dc2728dd61e343305deab62e06c avia-font-entypo-fontello'><span class='iconlist-char' aria-hidden='true' data-av_icon='\ue805' data-av_iconfont='entypo-fontello'><\/span><\/div><article class=\"article-icon-entry \"  itemscope=\"itemscope\" itemtype=\"https:\/\/schema.org\/CreativeWork\" ><div class=\"iconlist_content_wrap\"><header class=\"entry-content-header\"><h4 class='av_iconlist_title iconlist_title  '  itemprop=\"headline\" >\u0130NSTAGRAM<\/h4><\/header><div class='iconlist_content '  itemprop=\"text\" ><p>koekerpsycho<\/p>\n<\/div><\/div><footer class=\"entry-footer\"><\/footer><\/article><div class=\"iconlist-timeline\"><\/div><\/li>\n<\/ul><\/div><\/div><div  class='flex_column av-7gomc-260b443536b3aaaa259bf10654e480d6 av_one_half  avia-builder-el-15  el_after_av_one_half  el_before_av_one_full  flex_column_div  '     ><style type=\"text\/css\" data-created_by=\"avia_inline_auto\" id=\"style-css-av-6umy4-9fdf99a8780e4760e2550860ab10971d\">\n.avia-image-container.av-6umy4-9fdf99a8780e4760e2550860ab10971d img.avia_image{\nbox-shadow:none;\n}\n.avia-image-container.av-6umy4-9fdf99a8780e4760e2550860ab10971d .av-image-caption-overlay-center{\ncolor:#ffffff;\n}\n<\/style>\n<div  class='avia-image-container av-6umy4-9fdf99a8780e4760e2550860ab10971d av-styling- avia-align-center  avia-builder-el-16  avia-builder-el-no-sibling '   itemprop=\"image\" itemscope=\"itemscope\" itemtype=\"https:\/\/schema.org\/ImageObject\" ><div class=\"avia-image-container-inner\"><div class=\"avia-image-overlay-wrap\"><img decoding=\"async\" class='wp-image-216 avia-img-lazy-loading-not-216 avia_image ' src=\"https:\/\/koekerpsychotherapie.de\/tr\/wp-content\/uploads\/2024\/01\/tugce-koker-8.jpg\" alt='' title='tugce-koker-8'  height=\"665\" width=\"442\"  itemprop=\"thumbnailUrl\" srcset=\"https:\/\/koekerpsychotherapie.de\/tr\/wp-content\/uploads\/2024\/01\/tugce-koker-8.jpg 442w, https:\/\/koekerpsychotherapie.de\/tr\/wp-content\/uploads\/2024\/01\/tugce-koker-8-199x300.jpg 199w, https:\/\/koekerpsychotherapie.de\/tr\/wp-content\/uploads\/2024\/01\/tugce-koker-8-8x12.jpg 8w\" sizes=\"(max-width: 442px) 100vw, 442px\" \/><\/div><\/div><\/div><\/div><div  class='flex_column av-61zb8-468240b4de19a5d8df20ed826637496c av_one_full  avia-builder-el-17  el_after_av_one_half  el_before_av_two_fifth  first flex_column_div  column-top-margin'     ><form action=\"https:\/\/koekerpsychotherapie.de\/tr\/iletisim\/\" method=\"post\" data-fields-with-error=\"Found errors in the following field(s):\" class=\"avia_ajax_form av-form-labels-visible   avia-builder-el-18  avia-builder-el-no-sibling   \" data-avia-form-id=\"1\" data-avia-redirect='' ><h3 class=''>\u0130leti\u015fim Formu<\/h3><fieldset><p class='  first_form  form_element form_fullwidth' id='element_avia_1_1'><label for=\"avia_1_1\">\u0130sim <abbr class=\"required\" title=\"ben\u00f6tigt\">*<\/abbr><\/label> <input name=\"avia_1_1\" class=\"text_input is_empty\" type=\"text\" id=\"avia_1_1\" value=\"\" \/><\/p><p class='  first_form  form_element form_fullwidth' id='element_avia_2_1'><label for=\"avia_2_1\">E-Posta <abbr class=\"required\" title=\"ben\u00f6tigt\">*<\/abbr><\/label> <input name=\"avia_2_1\" class=\"text_input is_special_email\" type=\"text\" id=\"avia_2_1\" value=\"\" \/><\/p><p class='  first_form  form_element form_fullwidth' id='element_avia_3_1'><label for=\"avia_3_1\">Konu <abbr class=\"required\" title=\"ben\u00f6tigt\">*<\/abbr><\/label> <input name=\"avia_3_1\" class=\"text_input is_empty\" type=\"text\" id=\"avia_3_1\" value=\"\" \/><\/p><p class='  first_form  form_element form_fullwidth' id='element_avia_4_1'><label for=\"avia_4_1\" class=\"textare_label hidden textare_label_avia_4_1\">Mesaj\u0131n\u0131z <abbr class=\"required\" title=\"ben\u00f6tigt\">*<\/abbr><\/label><textarea  name=\"avia_4_1\" class=\"text_area is_empty\" cols=\"40\" rows=\"7\" id=\"avia_4_1\" ><\/textarea><\/p><p class='  first_form  form_element form_fullwidth av-last-visible-form-element' id='element_avia_5_1'><input  name=\"avia_5_1\" class=\"input_checkbox \" type=\"checkbox\" id=\"avia_5_1\" value=\"true\"\/><label class=\"input_checkbox_label\" for=\"avia_5_1\">Girdi\u011finiz veriler \u015fifrelenmeden aktar\u0131l\u0131r. G\u00fcvenli olmayan e-posta ile aktar\u0131mda \u00fc\u00e7\u00fcnc\u00fc \u015fah\u0131slar\u0131n eri\u015fiminin engellenemeyece\u011fini l\u00fctfen unutmay\u0131n. Formu g\u00f6ndererek, talebinizin i\u015flenmesi amac\u0131yla verilerinizin saklanmas\u0131n\u0131 ve i\u015flenmesini kabul etmi\u015f olursunuz. Daha fazla bilgiyi gizlilik politikam\u0131zda bulabilirsiniz.<\/label><\/p><p class=\"hidden\"><input type=\"text\" name=\"avia_6_1\" class=\"hidden \" id=\"avia_6_1\" value=\"\" \/><\/p><p class=\"form_element \"><input type=\"hidden\" value=\"1\" name=\"avia_generated_form1\" \/><input type=\"submit\" value=\"G\u00f6nder\" class=\"button\"  data-sending-label=\"Sende\"\/><\/p><\/fieldset><\/form><div id=\"ajaxresponse_1\" class=\"ajaxresponse ajaxresponse_1 hidden\"><\/div><\/div><div  class='flex_column av-2nubk-68432f7137480260a40bc1a453e38579 av_two_fifth  avia-builder-el-19  el_after_av_one_full  el_before_av_three_fifth  first flex_column_div  column-top-margin'     ><style type=\"text\/css\" data-created_by=\"avia_inline_auto\" id=\"style-css-av-20xs8-8db6cce9a4f39f420013f62f0a39bacc\">\n.avia-image-container.av-20xs8-8db6cce9a4f39f420013f62f0a39bacc img.avia_image{\nbox-shadow:none;\n}\n.avia-image-container.av-20xs8-8db6cce9a4f39f420013f62f0a39bacc .av-image-caption-overlay-center{\ncolor:#ffffff;\n}\n<\/style>\n<div  class='avia-image-container av-20xs8-8db6cce9a4f39f420013f62f0a39bacc av-styling- avia-align-center  avia-builder-el-20  avia-builder-el-no-sibling '   itemprop=\"image\" itemscope=\"itemscope\" itemtype=\"https:\/\/schema.org\/ImageObject\" ><div class=\"avia-image-container-inner\"><div class=\"avia-image-overlay-wrap\"><img decoding=\"async\" class='wp-image-291 avia-img-lazy-loading-not-291 avia_image ' src=\"https:\/\/koekerpsychotherapie.de\/tr\/wp-content\/uploads\/2024\/01\/hannover.jpeg\" alt='' title='hannover'  height=\"1365\" width=\"1024\"  itemprop=\"thumbnailUrl\" srcset=\"https:\/\/koekerpsychotherapie.de\/tr\/wp-content\/uploads\/2024\/01\/hannover.jpeg 1024w, https:\/\/koekerpsychotherapie.de\/tr\/wp-content\/uploads\/2024\/01\/hannover-225x300.jpeg 225w, https:\/\/koekerpsychotherapie.de\/tr\/wp-content\/uploads\/2024\/01\/hannover-773x1030.jpeg 773w, https:\/\/koekerpsychotherapie.de\/tr\/wp-content\/uploads\/2024\/01\/hannover-768x1024.jpeg 768w, https:\/\/koekerpsychotherapie.de\/tr\/wp-content\/uploads\/2024\/01\/hannover-529x705.jpeg 529w\" sizes=\"(max-width: 1024px) 100vw, 1024px\" \/><\/div><\/div><\/div><\/div><div  class='flex_column av-1d7m8-e9e2efca86c7f74b8feff12a1864382f av_three_fifth  avia-builder-el-21  el_after_av_two_fifth  avia-builder-el-last  flex_column_div  column-top-margin'     ><\/div>\n<\/div><\/div><\/div><!-- close content main div --><\/div><\/div><div id='after_section_2'  class='main_color av_default_container_wrap container_wrap sidebar_right'  ><div class='container av-section-cont-open' ><div class='template-page content  av-content-small alpha units'><div class='post-entry post-entry-type-page post-entry-16'><div class='entry-content-wrapper clearfix'><\/p>\n","protected":false},"excerpt":{"rendered":"","protected":false},"author":1,"featured_media":0,"parent":0,"menu_order":0,"comment_status":"closed","ping_status":"closed","template":"","meta":{"footnotes":""},"class_list":["post-16","page","type-page","status-publish","hentry"],"_links":{"self":[{"href":"https:\/\/koekerpsychotherapie.de\/tr\/wp-json\/wp\/v2\/pages\/16","targetHints":{"allow":["GET"]}}],"collection":[{"href":"https:\/\/koekerpsychotherapie.de\/tr\/wp-json\/wp\/v2\/pages"}],"about":[{"href":"https:\/\/koekerpsychotherapie.de\/tr\/wp-json\/wp\/v2\/types\/page"}],"author":[{"embeddable":true,"href":"https:\/\/koekerpsychotherapie.de\/tr\/wp-json\/wp\/v2\/users\/1"}],"replies":[{"embeddable":true,"href":"https:\/\/koekerpsychotherapie.de\/tr\/wp-json\/wp\/v2\/comments?post=16"}],"version-history":[{"count":49,"href":"https:\/\/koekerpsychotherapie.de\/tr\/wp-json\/wp\/v2\/pages\/16\/revisions"}],"predecessor-version":[{"id":396,"href":"https:\/\/koekerpsychotherapie.de\/tr\/wp-json\/wp\/v2\/pages\/16\/revisions\/396"}],"wp:attachment":[{"href":"https:\/\/koekerpsychotherapie.de\/tr\/wp-json\/wp\/v2\/media?parent=16"}],"curies":[{"name":"wp","href":"https:\/\/api.w.org\/{rel}","templated":true}]}}